{"id":815,"date":"2018-06-27T22:51:02","date_gmt":"2018-06-27T20:51:02","guid":{"rendered":"http:\/\/kancelaria-bb.pl\/strona-glowna\/"},"modified":"2018-10-22T12:36:37","modified_gmt":"2018-10-22T10:36:37","slug":"strona-glowna","status":"publish","type":"page","link":"http:\/\/kancelaria-bb.pl\/en\/","title":{"rendered":"Strona g\u0142\u00f3wna"},"content":{"rendered":"<p>[vc_row css=&#8221;.vc_custom_1535102443186{margin-top: 110px !important;}&#8221; el_class=&#8221;tablet-row-margin-top&#8221;][vc_column width=&#8221;1\/2&#8243;][vc_column_text]<\/p>\n<h1 class=\"ogromne-napisy font-regular\">Kancelaria Prawna<br \/>\nBartoszewska<br \/>\nBinkowski<\/h1>\n<p>[\/vc_column_text][\/vc_column][vc_column width=&#8221;1\/2&#8243;][vc_column_text css=&#8221;.vc_custom_1540204591032{margin-bottom: 30px !important;}&#8221;]<\/p>\n<p class=\"duze-napisy font-light line-height-1-45\">The B &amp; B Law Firm was established based on professional experience and passion for the law of its founders. From the beginning, the priority of B\u00a0&amp;\u00a0B is to provide our clients with reliable and effective legal assistance.<\/p>\n<p>[\/vc_column_text][vc_column_text]<\/p>\n<p class=\"duze-napisy font-light line-height-1-45\">We build relationships with clients on trust which results in long-lasting cooperation.<\/p>\n<p>[\/vc_column_text][\/vc_column][\/vc_row][vc_row content_placement=&#8221;middle&#8221; css=&#8221;.vc_custom_1535102448094{margin-top: 115px !important;}&#8221; el_class=&#8221;tablet-row-margin-top&#8221;][vc_column width=&#8221;1\/2&#8243;][vc_column_text css=&#8221;.vc_custom_1538735823631{margin-bottom: 30px !important;}&#8221;]<span style=\"color: #868686;\">In our law firm operates a leading mediation centre in Pozna\u0144.<\/span>[\/vc_column_text][vc_column_text css=&#8221;.vc_custom_1538735845069{margin-bottom: 65px !important;}&#8221;]<span style=\"color: #868686;\">In order to provide comprehensive legal services, we cooperate with economic advisors, patent attorneys, notaries, appraisers and translators.<\/span>[\/vc_column_text][vc_column_text]<a class=\"button\" href=\"http:\/\/kancelaria-bb.pl\/en\/kancelaria\/\">Read more<\/a><a class=\"button secondary\" href=\"http:\/\/kancelaria-bb.pl\/en\/contact\/\">How can we help You?<\/a>[\/vc_column_text][\/vc_column][vc_column width=&#8221;1\/2&#8243;][vc_single_image image=&#8221;50&#8243; img_size=&#8221;large&#8221; alignment=&#8221;right&#8221;][\/vc_column][\/vc_row][vc_row full_width=&#8221;stretch_row&#8221; css=&#8221;.vc_custom_1533900940534{margin-top: 70px !important;margin-bottom: 100px !important;padding-top: 120px !important;padding-bottom: 120px !important;background-image: url(http:\/\/kancelaria-bb.pl\/wp-content\/uploads\/2018\/08\/contact-divider.jpg?id=49) !important;background-position: center !important;background-repeat: no-repeat !important;background-size: cover !important;}&#8221;][vc_column][vc_column_text css=&#8221;.vc_custom_1538735737811{margin-bottom: 20px !important;}&#8221;]<\/p>\n<p style=\"text-align: center;\"><span class=\"font-light duze-napisy\" style=\"color: #ffffff;\">Make an appointment<\/span><\/p>\n<p>[\/vc_column_text][vc_column_text css=&#8221;.vc_custom_1533900865089{margin-bottom: 5px !important;}&#8221;]<\/p>\n<p style=\"text-align: center;\"><a href=\"tel:+48616394525\"><span class=\"ogromne-napisy\" style=\"color: #ffffff;\">+48 61 639 45 25<\/span><\/a><\/p>\n<p>[\/vc_column_text][vc_column_text css=&#8221;.vc_custom_1538735719107{margin-bottom: 0px !important;}&#8221; el_class=&#8221;white-arrow-button&#8221;]<\/p>\n<p style=\"text-align: center;\"><a class=\"button secondary\" href=\"http:\/\/kancelaria-bb.pl\/en\/kontakt\/\"><span style=\"color: #ffffff;\">Contact us<\/span><\/a><\/p>\n<p>[\/vc_column_text][\/vc_column][\/vc_row][vc_section full_width=&#8221;stretch_row&#8221; css=&#8221;.vc_custom_1534252163559{margin-bottom: 100px !important;}&#8221;][vc_row css=&#8221;.vc_custom_1534252214345{padding-bottom: 75px !important;background-color: #ffffff !important;}&#8221; el_class=&#8221;home-slogans&#8221;][vc_column width=&#8221;1\/3&#8243;][vc_single_image image=&#8221;123&#8243; img_size=&#8221;&#8221; alignment=&#8221;center&#8221; css=&#8221;.vc_custom_1534251653707{margin-bottom: 20px !important;}&#8221;][vc_column_text]<\/p>\n<p class=\"duze-napisy\" style=\"text-align: center;\">Professionalism<\/p>\n<p>[\/vc_column_text][\/vc_column][vc_column width=&#8221;1\/3&#8243;][vc_single_image image=&#8221;122&#8243; img_size=&#8221;&#8221; alignment=&#8221;center&#8221; css=&#8221;.vc_custom_1534251857011{margin-bottom: 20px !important;}&#8221;][vc_column_text]<\/p>\n<p class=\"duze-napisy\" style=\"text-align: center;\">Satisfaction guarantee<\/p>\n<p>[\/vc_column_text][\/vc_column][vc_column width=&#8221;1\/3&#8243;][vc_single_image image=&#8221;118&#8243; img_size=&#8221;&#8221; alignment=&#8221;center&#8221; css=&#8221;.vc_custom_1534251920145{margin-bottom: 20px !important;}&#8221;][vc_column_text]<\/p>\n<p class=\"duze-napisy\" style=\"text-align: center;\">Responsibility<\/p>\n<p>[\/vc_column_text][\/vc_column][\/vc_row][vc_row css=&#8221;.vc_custom_1534252146868{padding-bottom: 5px !important;background-color: #ffffff !important;}&#8221; el_class=&#8221;home-slogans&#8221;][vc_column width=&#8221;1\/3&#8243;][vc_single_image image=&#8221;121&#8243; img_size=&#8221;&#8221; alignment=&#8221;center&#8221; css=&#8221;.vc_custom_1534252026865{margin-bottom: 20px !important;}&#8221;][vc_column_text]<\/p>\n<p class=\"duze-napisy\" style=\"text-align: center;\">Communication<\/p>\n<p>[\/vc_column_text][\/vc_column][vc_column width=&#8221;1\/3&#8243;][vc_single_image image=&#8221;119&#8243; img_size=&#8221;&#8221; alignment=&#8221;center&#8221; css=&#8221;.vc_custom_1534252064087{margin-bottom: 20px !important;}&#8221;][vc_column_text]<\/p>\n<p class=\"duze-napisy\" style=\"text-align: center;\">Determination<\/p>\n<p>[\/vc_column_text][\/vc_column][vc_column width=&#8221;1\/3&#8243;][vc_single_image image=&#8221;120&#8243; img_size=&#8221;&#8221; alignment=&#8221;center&#8221; css=&#8221;.vc_custom_1534252127413{margin-bottom: 20px !important;}&#8221;][vc_column_text]<\/p>\n<p class=\"duze-napisy\" style=\"text-align: center;\">Experience<\/p>\n<p>[\/vc_column_text][\/vc_column][\/vc_row][\/vc_section][vc_row full_width=&#8221;stretch_row_content_no_spaces&#8221; css=&#8221;.vc_custom_1534160324744{padding-top: 170px !important;padding-bottom: 170px !important;background-image: url(http:\/\/kancelaria-bb.pl\/wp-content\/uploads\/2018\/08\/our-team.jpg?id=52) !important;background-position: center !important;background-repeat: no-repeat !important;background-size: cover !important;}&#8221; el_class=&#8221;home-team-section wrapper wide&#8221;][vc_column width=&#8221;1\/2&#8243;][vc_column_text]<\/p>\n<h3 class=\"section-title\"><span style=\"color: #ffffff;\">Our team<\/span><\/h3>\n<p>[\/vc_column_text][vc_column_text]<span class=\"line-height-1-6 font-light\" style=\"color: #ffffff;\">Our team consists of lawyers with many years of experience<br \/>\nin providing legal services as well as young,<br \/>\npassionate legal advisers with excellent qualifications.<\/span>[\/vc_column_text][vc_column_text css=&#8221;.vc_custom_1538735588906{margin-bottom: 0px !important;}&#8221;]<span class=\"line-height-1-6 font-light\" style=\"color: #ffffff;\">We can look at each case from different points of view and find the optimal solution.<\/span>[\/vc_column_text][\/vc_column][vc_column width=&#8221;1\/2&#8243;][\/vc_column][\/vc_row][vc_row full_width=&#8221;stretch_row_content_no_spaces&#8221; equal_height=&#8221;yes&#8221; content_placement=&#8221;middle&#8221; css=&#8221;.vc_custom_1538569377729{margin-top: 100px !important;margin-bottom: 60px !important;}&#8221; el_class=&#8221;wrapper wide home__news-container&#8221;][vc_column width=&#8221;1\/2&#8243;][vc_column_text]<\/p>\n<h3 class=\"section-title\">The latest news<\/h3>\n<p>[\/vc_column_text][\/vc_column][vc_column width=&#8221;1\/2&#8243; el_class=&#8221;mobile-column-margin-top-reset&#8221;][vc_column_text css=&#8221;.vc_custom_1538735630105{margin-bottom: 0px !important;}&#8221;]<\/p>\n<p style=\"text-align: right;\"><a class=\"button secondary\" href=\"http:\/\/kancelaria-bb.pl\/en\/category\/aktualnosci-en\/\">All news<\/a><\/p>\n<p>[\/vc_column_text][\/vc_column][\/vc_row][vc_row full_width=&#8221;stretch_row_content_no_spaces&#8221; el_class=&#8221;wrapper wide mobile-row-margin-bottom&#8221; css=&#8221;.vc_custom_1535105310933{margin-bottom: 110px !important;padding-bottom: 50px !important;}&#8221;][vc_column]<section class=\"latest-news-container tills-container\">\n\n    \n            \n            <article  class=\"till till__post only-text\" style=\"background-image: url()\">\n\n    <a href=\"http:\/\/kancelaria-bb.pl\/en\/aktualnosci-en\/od-1-lipca-2020-r-zaczna-dzialac-sady-ds-wlasnosci-intelektualnej\/\" class=\"post__permalink\">\n        <div class=\"author-container\">\n\n            <div class=\"avatar-container\">\n\n                                                    <img decoding=\"async\" src=\"http:\/\/kancelaria-bb.pl\/wp-content\/uploads\/2018\/10\/avatar_justyna.jpg\"  class=\"svg-image avatar\" alt=\"\">\n                \n            <\/div>\n\n            <div class=\"names-container\">\n                                <span class=\"author-name\">Justyna Klimek<\/span>\n            <\/div>\n\n        <\/div>\n\n        <h3 class=\"title\">Od 1 lipca 2020 r. zaczn\u0105 dzia\u0142a\u0107 s\u0105dy ds. w\u0142asno\u015bci intelektualnej.<\/h3>\n\n                    <div class=\"excerpt\">\n                <p>W ubieg\u0142ym tygodniu prezydent podpisa\u0142...<\/p>\n            <\/div>\n        \n        <hr>\n\n    <\/a>\n\n    <footer class=\"post-footer\">\n        <h4 class=\"cat\">News<\/h4>\n        <span class=\"sep\">|<\/span>\n        <time>25 Feb 2020<\/time>\n        <div class=\"share-icons-container\">\n    <img decoding=\"async\" src=\"http:\/\/kancelaria-bb.pl\/wp-content\/themes\/bartoszewski-binkowski\/dist\/images\/icons\/share.svg\" class=\"svg-image share-icon\" alt=\"Udost\u0119pnij\">\n    <div class=\"social-icons\">\n        <a href=\"\/\/facebook.com\/sharer\/sharer.php?u=http:\/\/kancelaria-bb.pl\/en\/aktualnosci-en\/od-1-lipca-2020-r-zaczna-dzialac-sady-ds-wlasnosci-intelektualnej\/\" target=\"_blank\" class=\"fb-icon icon\">\n            <img decoding=\"async\" src=\"http:\/\/kancelaria-bb.pl\/wp-content\/themes\/bartoszewski-binkowski\/dist\/images\/icons\/socials\/fb.svg\" class=\"svg-image fb\" alt=\"Udost\u0119pnij\">\n        <\/a>\n        <a href=\"\/\/twitter.com\/home?status=http:\/\/kancelaria-bb.pl\/en\/aktualnosci-en\/od-1-lipca-2020-r-zaczna-dzialac-sady-ds-wlasnosci-intelektualnej\/\" target=\"_blank\" class=\"twitter-icon icon\">\n            <img decoding=\"async\" src=\"http:\/\/kancelaria-bb.pl\/wp-content\/themes\/bartoszewski-binkowski\/dist\/images\/icons\/socials\/twitter.svg\" class=\"svg-image twitter\" alt=\"Udost\u0119pnij\">\n        <\/a>\n    <\/div>\n<\/div>    <\/footer>\n\n<\/article>\n        \n            <article  class=\"till till__post only-text\" style=\"background-image: url()\">\n\n    <a href=\"http:\/\/kancelaria-bb.pl\/en\/aktualnosci-en\/majatek-wspolny-malzonkow-po-ogloszeniu-upadlosci-jednego-z-nich\/\" class=\"post__permalink\">\n        <div class=\"author-container\">\n\n            <div class=\"avatar-container\">\n\n                                                    <img decoding=\"async\" src=\"http:\/\/kancelaria-bb.pl\/wp-content\/uploads\/2018\/10\/avatar_katarzyna.jpg\"  class=\"svg-image avatar\" alt=\"\">\n                \n            <\/div>\n\n            <div class=\"names-container\">\n                                <span class=\"author-name\">Katarzyna Bor<\/span>\n            <\/div>\n\n        <\/div>\n\n        <h3 class=\"title\">Maj\u0105tek wsp\u00f3lny ma\u0142\u017conk\u00f3w po og\u0142oszeniu upad\u0142o\u015bci jednego z nich<\/h3>\n\n                    <div class=\"excerpt\">\n                <p>Zgodnie z art. 124 ust. 1 ustawy \u2013 Prawo upad\u0142o\u015bciowe ...<\/p>\n            <\/div>\n        \n        <hr>\n\n    <\/a>\n\n    <footer class=\"post-footer\">\n        <h4 class=\"cat\">News<\/h4>\n        <span class=\"sep\">|<\/span>\n        <time>18 Dec 2019<\/time>\n        <div class=\"share-icons-container\">\n    <img decoding=\"async\" src=\"http:\/\/kancelaria-bb.pl\/wp-content\/themes\/bartoszewski-binkowski\/dist\/images\/icons\/share.svg\" class=\"svg-image share-icon\" alt=\"Udost\u0119pnij\">\n    <div class=\"social-icons\">\n        <a href=\"\/\/facebook.com\/sharer\/sharer.php?u=http:\/\/kancelaria-bb.pl\/en\/aktualnosci-en\/majatek-wspolny-malzonkow-po-ogloszeniu-upadlosci-jednego-z-nich\/\" target=\"_blank\" class=\"fb-icon icon\">\n            <img decoding=\"async\" src=\"http:\/\/kancelaria-bb.pl\/wp-content\/themes\/bartoszewski-binkowski\/dist\/images\/icons\/socials\/fb.svg\" class=\"svg-image fb\" alt=\"Udost\u0119pnij\">\n        <\/a>\n        <a href=\"\/\/twitter.com\/home?status=http:\/\/kancelaria-bb.pl\/en\/aktualnosci-en\/majatek-wspolny-malzonkow-po-ogloszeniu-upadlosci-jednego-z-nich\/\" target=\"_blank\" class=\"twitter-icon icon\">\n            <img decoding=\"async\" src=\"http:\/\/kancelaria-bb.pl\/wp-content\/themes\/bartoszewski-binkowski\/dist\/images\/icons\/socials\/twitter.svg\" class=\"svg-image twitter\" alt=\"Udost\u0119pnij\">\n        <\/a>\n    <\/div>\n<\/div>    <\/footer>\n\n<\/article>\n        \n            <article  class=\"till till__post only-text\" style=\"background-image: url()\">\n\n    <a href=\"http:\/\/kancelaria-bb.pl\/en\/aktualnosci-en\/powrot-postepowania-w-sprawach-gospodarczych\/\" class=\"post__permalink\">\n        <div class=\"author-container\">\n\n            <div class=\"avatar-container\">\n\n                                                    <img decoding=\"async\" src=\"http:\/\/kancelaria-bb.pl\/wp-content\/uploads\/2018\/10\/avatar_justyna.jpg\"  class=\"svg-image avatar\" alt=\"\">\n                \n            <\/div>\n\n            <div class=\"names-container\">\n                                <span class=\"author-name\">Justyna Klimek<\/span>\n            <\/div>\n\n        <\/div>\n\n        <h3 class=\"title\">Powr\u00f3t post\u0119powania w sprawach gospodarczych<\/h3>\n\n                    <div class=\"excerpt\">\n                <p><p>W dniu 7 listopada 2019 r. do polskiego porz\u0105dku prawnego...<\/p><\/p>\n            <\/div>\n        \n        <hr>\n\n    <\/a>\n\n    <footer class=\"post-footer\">\n        <h4 class=\"cat\">News<\/h4>\n        <span class=\"sep\">|<\/span>\n        <time>15 Oct 2019<\/time>\n        <div class=\"share-icons-container\">\n    <img decoding=\"async\" src=\"http:\/\/kancelaria-bb.pl\/wp-content\/themes\/bartoszewski-binkowski\/dist\/images\/icons\/share.svg\" class=\"svg-image share-icon\" alt=\"Udost\u0119pnij\">\n    <div class=\"social-icons\">\n        <a href=\"\/\/facebook.com\/sharer\/sharer.php?u=http:\/\/kancelaria-bb.pl\/en\/aktualnosci-en\/powrot-postepowania-w-sprawach-gospodarczych\/\" target=\"_blank\" class=\"fb-icon icon\">\n            <img decoding=\"async\" src=\"http:\/\/kancelaria-bb.pl\/wp-content\/themes\/bartoszewski-binkowski\/dist\/images\/icons\/socials\/fb.svg\" class=\"svg-image fb\" alt=\"Udost\u0119pnij\">\n        <\/a>\n        <a href=\"\/\/twitter.com\/home?status=http:\/\/kancelaria-bb.pl\/en\/aktualnosci-en\/powrot-postepowania-w-sprawach-gospodarczych\/\" target=\"_blank\" class=\"twitter-icon icon\">\n            <img decoding=\"async\" src=\"http:\/\/kancelaria-bb.pl\/wp-content\/themes\/bartoszewski-binkowski\/dist\/images\/icons\/socials\/twitter.svg\" class=\"svg-image twitter\" alt=\"Udost\u0119pnij\">\n        <\/a>\n    <\/div>\n<\/div>    <\/footer>\n\n<\/article>\n            \n    \n<\/section>[\/vc_column][\/vc_row]<\/p>\n","protected":false},"excerpt":{"rendered":"<p>[vc_row css=&#8221;.vc_custom_1535102443186{margin-top: 110px !important;}&#8221; el_class=&#8221;tablet-row-margin-top&#8221;][vc_column width=&#8221;1\/2&#8243;][vc_column_text] Kancelaria Prawna Bartoszewska Binkowski [\/vc_column_text][\/vc_column][vc_column width=&#8221;1\/2&#8243;][vc_column_text css=&#8221;.vc_custom_1540204591032{margin-bottom: 30px !important;}&#8221;] The B &amp; B Law Firm was established based on professional experience and passion for the law of its founders. From the beginning, the priority of B\u00a0&amp;\u00a0B is to provide our clients with reliable and effective legal assistance. [\/vc_column_text][vc_column_text] We [&hellip;]<\/p>\n","protected":false},"author":1,"featured_media":0,"parent":0,"menu_order":17,"comment_status":"closed","ping_status":"closed","template":"page-templates\/homepage.php","meta":{"inline_featured_image":false,"footnotes":""},"class_list":["post-815","page","type-page","status-publish","hentry"],"yoast_head":"<!-- This site is optimized with the Yoast SEO plugin v27.4 - https:\/\/yoast.com\/product\/yoast-seo-wordpress\/ -->\n<title>Strona g\u0142\u00f3wna - Kancelaria Prawna - Bartoszewska &amp; Binkowski<\/title>\n<meta name=\"robots\" content=\"index, follow, max-snippet:-1, max-image-preview:large, max-video-preview:-1\" \/>\n<link rel=\"canonical\" href=\"https:\/\/kancelaria-bb.pl\/en\/\" \/>\n<meta property=\"og:locale\" content=\"en_US\" \/>\n<meta property=\"og:type\" content=\"article\" \/>\n<meta property=\"og:title\" content=\"Strona g\u0142\u00f3wna - Kancelaria Prawna - Bartoszewska &amp; Binkowski\" \/>\n<meta property=\"og:description\" content=\"[vc_row css=&#8221;.vc_custom_1535102443186{margin-top: 110px !important;}&#8221; el_class=&#8221;tablet-row-margin-top&#8221;][vc_column width=&#8221;1\/2&#8243;][vc_column_text] Kancelaria Prawna Bartoszewska Binkowski [\/vc_column_text][\/vc_column][vc_column width=&#8221;1\/2&#8243;][vc_column_text css=&#8221;.vc_custom_1540204591032{margin-bottom: 30px !important;}&#8221;] The B &amp; B Law Firm was established based on professional experience and passion for the law of its founders. From the beginning, the priority of B\u00a0&amp;\u00a0B is to provide our clients with reliable and effective legal assistance. [\/vc_column_text][vc_column_text] We [&hellip;]\" \/>\n<meta property=\"og:url\" content=\"https:\/\/kancelaria-bb.pl\/en\/\" \/>\n<meta property=\"og:site_name\" content=\"Kancelaria Prawna - Bartoszewska &amp; Binkowski\" \/>\n<meta property=\"article:modified_time\" content=\"2018-10-22T10:36:37+00:00\" \/>\n<meta name=\"twitter:card\" content=\"summary_large_image\" \/>\n<meta name=\"twitter:label1\" content=\"Est. reading time\" \/>\n\t<meta name=\"twitter:data1\" content=\"4 minutes\" \/>\n<script type=\"application\/ld+json\" class=\"yoast-schema-graph\">{\"@context\":\"https:\\\/\\\/schema.org\",\"@graph\":[{\"@type\":\"WebPage\",\"@id\":\"https:\\\/\\\/kancelaria-bb.pl\\\/en\\\/\",\"url\":\"https:\\\/\\\/kancelaria-bb.pl\\\/en\\\/\",\"name\":\"Strona g\u0142\u00f3wna - Kancelaria Prawna - Bartoszewska &amp; Binkowski\",\"isPartOf\":{\"@id\":\"https:\\\/\\\/kancelaria-bb.pl\\\/en\\\/#website\"},\"datePublished\":\"2018-06-27T20:51:02+00:00\",\"dateModified\":\"2018-10-22T10:36:37+00:00\",\"breadcrumb\":{\"@id\":\"https:\\\/\\\/kancelaria-bb.pl\\\/en\\\/#breadcrumb\"},\"inLanguage\":\"en-US\",\"potentialAction\":[{\"@type\":\"ReadAction\",\"target\":[\"https:\\\/\\\/kancelaria-bb.pl\\\/en\\\/\"]}]},{\"@type\":\"BreadcrumbList\",\"@id\":\"https:\\\/\\\/kancelaria-bb.pl\\\/en\\\/#breadcrumb\",\"itemListElement\":[{\"@type\":\"ListItem\",\"position\":1,\"name\":\"Strona g\u0142\u00f3wna\",\"item\":\"https:\\\/\\\/kancelaria-bb.pl\\\/en\\\/\"},{\"@type\":\"ListItem\",\"position\":2,\"name\":\"Strona g\u0142\u00f3wna\"}]},{\"@type\":\"WebSite\",\"@id\":\"https:\\\/\\\/kancelaria-bb.pl\\\/en\\\/#website\",\"url\":\"https:\\\/\\\/kancelaria-bb.pl\\\/en\\\/\",\"name\":\"Kancelaria Prawna - Bartoszewska &amp; Binkowski\",\"description\":\"\",\"potentialAction\":[{\"@type\":\"SearchAction\",\"target\":{\"@type\":\"EntryPoint\",\"urlTemplate\":\"https:\\\/\\\/kancelaria-bb.pl\\\/en\\\/?s={search_term_string}\"},\"query-input\":{\"@type\":\"PropertyValueSpecification\",\"valueRequired\":true,\"valueName\":\"search_term_string\"}}],\"inLanguage\":\"en-US\"}]}<\/script>\n<!-- \/ Yoast SEO plugin. -->","yoast_head_json":{"title":"Strona g\u0142\u00f3wna - Kancelaria Prawna - Bartoszewska &amp; Binkowski","robots":{"index":"index","follow":"follow","max-snippet":"max-snippet:-1","max-image-preview":"max-image-preview:large","max-video-preview":"max-video-preview:-1"},"canonical":"https:\/\/kancelaria-bb.pl\/en\/","og_locale":"en_US","og_type":"article","og_title":"Strona g\u0142\u00f3wna - Kancelaria Prawna - Bartoszewska &amp; Binkowski","og_description":"[vc_row css=&#8221;.vc_custom_1535102443186{margin-top: 110px !important;}&#8221; el_class=&#8221;tablet-row-margin-top&#8221;][vc_column width=&#8221;1\/2&#8243;][vc_column_text] Kancelaria Prawna Bartoszewska Binkowski [\/vc_column_text][\/vc_column][vc_column width=&#8221;1\/2&#8243;][vc_column_text css=&#8221;.vc_custom_1540204591032{margin-bottom: 30px !important;}&#8221;] The B &amp; B Law Firm was established based on professional experience and passion for the law of its founders. From the beginning, the priority of B\u00a0&amp;\u00a0B is to provide our clients with reliable and effective legal assistance. [\/vc_column_text][vc_column_text] We [&hellip;]","og_url":"https:\/\/kancelaria-bb.pl\/en\/","og_site_name":"Kancelaria Prawna - Bartoszewska &amp; Binkowski","article_modified_time":"2018-10-22T10:36:37+00:00","twitter_card":"summary_large_image","twitter_misc":{"Est. reading time":"4 minutes"},"schema":{"@context":"https:\/\/schema.org","@graph":[{"@type":"WebPage","@id":"https:\/\/kancelaria-bb.pl\/en\/","url":"https:\/\/kancelaria-bb.pl\/en\/","name":"Strona g\u0142\u00f3wna - Kancelaria Prawna - Bartoszewska &amp; Binkowski","isPartOf":{"@id":"https:\/\/kancelaria-bb.pl\/en\/#website"},"datePublished":"2018-06-27T20:51:02+00:00","dateModified":"2018-10-22T10:36:37+00:00","breadcrumb":{"@id":"https:\/\/kancelaria-bb.pl\/en\/#breadcrumb"},"inLanguage":"en-US","potentialAction":[{"@type":"ReadAction","target":["https:\/\/kancelaria-bb.pl\/en\/"]}]},{"@type":"BreadcrumbList","@id":"https:\/\/kancelaria-bb.pl\/en\/#breadcrumb","itemListElement":[{"@type":"ListItem","position":1,"name":"Strona g\u0142\u00f3wna","item":"https:\/\/kancelaria-bb.pl\/en\/"},{"@type":"ListItem","position":2,"name":"Strona g\u0142\u00f3wna"}]},{"@type":"WebSite","@id":"https:\/\/kancelaria-bb.pl\/en\/#website","url":"https:\/\/kancelaria-bb.pl\/en\/","name":"Kancelaria Prawna - Bartoszewska &amp; Binkowski","description":"","potentialAction":[{"@type":"SearchAction","target":{"@type":"EntryPoint","urlTemplate":"https:\/\/kancelaria-bb.pl\/en\/?s={search_term_string}"},"query-input":{"@type":"PropertyValueSpecification","valueRequired":true,"valueName":"search_term_string"}}],"inLanguage":"en-US"}]}},"_links":{"self":[{"href":"http:\/\/kancelaria-bb.pl\/en\/wp-json\/wp\/v2\/pages\/815","targetHints":{"allow":["GET"]}}],"collection":[{"href":"http:\/\/kancelaria-bb.pl\/en\/wp-json\/wp\/v2\/pages"}],"about":[{"href":"http:\/\/kancelaria-bb.pl\/en\/wp-json\/wp\/v2\/types\/page"}],"author":[{"embeddable":true,"href":"http:\/\/kancelaria-bb.pl\/en\/wp-json\/wp\/v2\/users\/1"}],"replies":[{"embeddable":true,"href":"http:\/\/kancelaria-bb.pl\/en\/wp-json\/wp\/v2\/comments?post=815"}],"version-history":[{"count":6,"href":"http:\/\/kancelaria-bb.pl\/en\/wp-json\/wp\/v2\/pages\/815\/revisions"}],"predecessor-version":[{"id":1073,"href":"http:\/\/kancelaria-bb.pl\/en\/wp-json\/wp\/v2\/pages\/815\/revisions\/1073"}],"wp:attachment":[{"href":"http:\/\/kancelaria-bb.pl\/en\/wp-json\/wp\/v2\/media?parent=815"}],"curies":[{"name":"wp","href":"https:\/\/api.w.org\/{rel}","templated":true}]}}