{"id":797,"date":"2018-08-14T14:41:41","date_gmt":"2018-08-14T12:41:41","guid":{"rendered":"http:\/\/kancelaria-bb.pl\/o-mediacji\/"},"modified":"2018-08-14T14:41:41","modified_gmt":"2018-08-14T12:41:41","slug":"o-mediacji","status":"publish","type":"page","link":"http:\/\/kancelaria-bb.pl\/en\/mediation-centre\/o-mediacji\/","title":{"rendered":"O mediacji"},"content":{"rendered":"<p>[vc_row][vc_column][vc_column_text]Naturaln\u0105 i ponadczasow\u0105 potrzeb\u0105 cz\u0142owieka jest potrzeba godzenia si\u0119.<\/p>\n<p>W\u0142a\u015bnie temu s\u0142u\u017cy mediacja, kt\u00f3rej g\u0142\u00f3wnym celem jest pojednawcze rozwi\u0105zanie sporu przy pomocy bezstronnego mediatora.<\/p>\n<p>Mediacja jest prowadzona na zasadzie ca\u0142kowitej dobrowolno\u015bci i poufno\u015bci. Wypracowana przez strony mediacji ugoda opiera si\u0119 na prze\u015bwiadczeniu stron o skuteczno\u015bci wybranego rozwi\u0105zania. Daje gwarancj\u0119 wywi\u0105zania si\u0119 z przyj\u0119tych dobrowolnie zobowi\u0105za\u0144, usuwa \u017ar\u00f3d\u0142o konfliktu i pozwala zachowa\u0107 dobre relacje.<\/p>\n<p>Mediacja znajduje zastosowanie w r\u00f3\u017cnych dziedzinach \u017cycia spo\u0142ecznego i mo\u017ce by\u0107 prowadzona w sprawach rodzinnych, cywilnych, gospodarczych oraz karnych.<\/p>\n<p>Mediacja mo\u017ce si\u0119 toczy\u0107 w ramach procesu s\u0105dowego na podstawie skierowania na mediacj\u0119 przez s\u0105d, ale te\u017c bez udzia\u0142u s\u0105du\u00a0 &#8211; na wniosek samych zainteresowanych stron.<\/p>\n<p>Wa\u017cne dla stron mediacji jest to, \u017ce ugoda kt\u00f3r\u0105 zawieraj\u0105 w mediacji po jej zatwierdzeniu przez s\u0105d wywo\u0142uje takie same skutki jak orzeczenie s\u0105dowe i ko\u0144czy sp\u00f3r.[\/vc_column_text][\/vc_column][\/vc_row]<\/p>\n","protected":false},"excerpt":{"rendered":"<p>[vc_row][vc_column][vc_column_text]Naturaln\u0105 i ponadczasow\u0105 potrzeb\u0105 cz\u0142owieka jest potrzeba godzenia si\u0119. W\u0142a\u015bnie temu s\u0142u\u017cy mediacja, kt\u00f3rej g\u0142\u00f3wnym celem jest pojednawcze rozwi\u0105zanie sporu przy pomocy bezstronnego mediatora. Mediacja jest prowadzona na zasadzie ca\u0142kowitej dobrowolno\u015bci i poufno\u015bci. Wypracowana przez strony mediacji ugoda opiera si\u0119 na prze\u015bwiadczeniu stron o skuteczno\u015bci wybranego rozwi\u0105zania. Daje gwarancj\u0119 wywi\u0105zania si\u0119 z przyj\u0119tych dobrowolnie zobowi\u0105za\u0144, [&hellip;]<\/p>\n","protected":false},"author":1,"featured_media":0,"parent":798,"menu_order":0,"comment_status":"closed","ping_status":"closed","template":"page-templates\/child-page.php","meta":{"inline_featured_image":false,"footnotes":""},"class_list":["post-797","page","type-page","status-publish","hentry"],"yoast_head":"<!-- This site is optimized with the Yoast SEO plugin v27.5 - https:\/\/yoast.com\/product\/yoast-seo-wordpress\/ -->\n<title>O mediacji - Kancelaria Prawna - Bartoszewska &amp; Binkowski<\/title>\n<meta name=\"robots\" content=\"index, follow, max-snippet:-1, max-image-preview:large, max-video-preview:-1\" \/>\n<link rel=\"canonical\" href=\"http:\/\/kancelaria-bb.pl\/en\/mediation-centre\/o-mediacji\/\" \/>\n<meta property=\"og:locale\" content=\"en_US\" \/>\n<meta property=\"og:type\" content=\"article\" \/>\n<meta property=\"og:title\" content=\"O mediacji - Kancelaria Prawna - Bartoszewska &amp; Binkowski\" \/>\n<meta property=\"og:description\" content=\"[vc_row][vc_column][vc_column_text]Naturaln\u0105 i ponadczasow\u0105 potrzeb\u0105 cz\u0142owieka jest potrzeba godzenia si\u0119. W\u0142a\u015bnie temu s\u0142u\u017cy mediacja, kt\u00f3rej g\u0142\u00f3wnym celem jest pojednawcze rozwi\u0105zanie sporu przy pomocy bezstronnego mediatora. Mediacja jest prowadzona na zasadzie ca\u0142kowitej dobrowolno\u015bci i poufno\u015bci. Wypracowana przez strony mediacji ugoda opiera si\u0119 na prze\u015bwiadczeniu stron o skuteczno\u015bci wybranego rozwi\u0105zania. Daje gwarancj\u0119 wywi\u0105zania si\u0119 z przyj\u0119tych dobrowolnie zobowi\u0105za\u0144, [&hellip;]\" \/>\n<meta property=\"og:url\" content=\"http:\/\/kancelaria-bb.pl\/en\/mediation-centre\/o-mediacji\/\" \/>\n<meta property=\"og:site_name\" content=\"Kancelaria Prawna - Bartoszewska &amp; Binkowski\" \/>\n<meta name=\"twitter:card\" content=\"summary_large_image\" \/>\n<meta name=\"twitter:label1\" content=\"Est. reading time\" \/>\n\t<meta name=\"twitter:data1\" content=\"1 minute\" \/>\n<script type=\"application\/ld+json\" class=\"yoast-schema-graph\">{\"@context\":\"https:\\\/\\\/schema.org\",\"@graph\":[{\"@type\":\"WebPage\",\"@id\":\"http:\\\/\\\/kancelaria-bb.pl\\\/en\\\/mediation-centre\\\/o-mediacji\\\/\",\"url\":\"http:\\\/\\\/kancelaria-bb.pl\\\/en\\\/mediation-centre\\\/o-mediacji\\\/\",\"name\":\"O mediacji - Kancelaria Prawna - Bartoszewska &amp; Binkowski\",\"isPartOf\":{\"@id\":\"https:\\\/\\\/kancelaria-bb.pl\\\/en\\\/#website\"},\"datePublished\":\"2018-08-14T12:41:41+00:00\",\"breadcrumb\":{\"@id\":\"http:\\\/\\\/kancelaria-bb.pl\\\/en\\\/mediation-centre\\\/o-mediacji\\\/#breadcrumb\"},\"inLanguage\":\"en-US\",\"potentialAction\":[{\"@type\":\"ReadAction\",\"target\":[\"http:\\\/\\\/kancelaria-bb.pl\\\/en\\\/mediation-centre\\\/o-mediacji\\\/\"]}]},{\"@type\":\"BreadcrumbList\",\"@id\":\"http:\\\/\\\/kancelaria-bb.pl\\\/en\\\/mediation-centre\\\/o-mediacji\\\/#breadcrumb\",\"itemListElement\":[{\"@type\":\"ListItem\",\"position\":1,\"name\":\"Strona g\u0142\u00f3wna\",\"item\":\"https:\\\/\\\/kancelaria-bb.pl\\\/en\\\/\"},{\"@type\":\"ListItem\",\"position\":2,\"name\":\"Mediation Centre\",\"item\":\"http:\\\/\\\/kancelaria-bb.pl\\\/en\\\/mediation-centre\\\/\"},{\"@type\":\"ListItem\",\"position\":3,\"name\":\"O mediacji\"}]},{\"@type\":\"WebSite\",\"@id\":\"https:\\\/\\\/kancelaria-bb.pl\\\/en\\\/#website\",\"url\":\"https:\\\/\\\/kancelaria-bb.pl\\\/en\\\/\",\"name\":\"Kancelaria Prawna - Bartoszewska &amp; Binkowski\",\"description\":\"\",\"potentialAction\":[{\"@type\":\"SearchAction\",\"target\":{\"@type\":\"EntryPoint\",\"urlTemplate\":\"https:\\\/\\\/kancelaria-bb.pl\\\/en\\\/?s={search_term_string}\"},\"query-input\":{\"@type\":\"PropertyValueSpecification\",\"valueRequired\":true,\"valueName\":\"search_term_string\"}}],\"inLanguage\":\"en-US\"}]}<\/script>\n<!-- \/ Yoast SEO plugin. -->","yoast_head_json":{"title":"O mediacji - Kancelaria Prawna - Bartoszewska &amp; Binkowski","robots":{"index":"index","follow":"follow","max-snippet":"max-snippet:-1","max-image-preview":"max-image-preview:large","max-video-preview":"max-video-preview:-1"},"canonical":"http:\/\/kancelaria-bb.pl\/en\/mediation-centre\/o-mediacji\/","og_locale":"en_US","og_type":"article","og_title":"O mediacji - Kancelaria Prawna - Bartoszewska &amp; Binkowski","og_description":"[vc_row][vc_column][vc_column_text]Naturaln\u0105 i ponadczasow\u0105 potrzeb\u0105 cz\u0142owieka jest potrzeba godzenia si\u0119. W\u0142a\u015bnie temu s\u0142u\u017cy mediacja, kt\u00f3rej g\u0142\u00f3wnym celem jest pojednawcze rozwi\u0105zanie sporu przy pomocy bezstronnego mediatora. Mediacja jest prowadzona na zasadzie ca\u0142kowitej dobrowolno\u015bci i poufno\u015bci. Wypracowana przez strony mediacji ugoda opiera si\u0119 na prze\u015bwiadczeniu stron o skuteczno\u015bci wybranego rozwi\u0105zania. Daje gwarancj\u0119 wywi\u0105zania si\u0119 z przyj\u0119tych dobrowolnie zobowi\u0105za\u0144, [&hellip;]","og_url":"http:\/\/kancelaria-bb.pl\/en\/mediation-centre\/o-mediacji\/","og_site_name":"Kancelaria Prawna - Bartoszewska &amp; Binkowski","twitter_card":"summary_large_image","twitter_misc":{"Est. reading time":"1 minute"},"schema":{"@context":"https:\/\/schema.org","@graph":[{"@type":"WebPage","@id":"http:\/\/kancelaria-bb.pl\/en\/mediation-centre\/o-mediacji\/","url":"http:\/\/kancelaria-bb.pl\/en\/mediation-centre\/o-mediacji\/","name":"O mediacji - Kancelaria Prawna - Bartoszewska &amp; Binkowski","isPartOf":{"@id":"https:\/\/kancelaria-bb.pl\/en\/#website"},"datePublished":"2018-08-14T12:41:41+00:00","breadcrumb":{"@id":"http:\/\/kancelaria-bb.pl\/en\/mediation-centre\/o-mediacji\/#breadcrumb"},"inLanguage":"en-US","potentialAction":[{"@type":"ReadAction","target":["http:\/\/kancelaria-bb.pl\/en\/mediation-centre\/o-mediacji\/"]}]},{"@type":"BreadcrumbList","@id":"http:\/\/kancelaria-bb.pl\/en\/mediation-centre\/o-mediacji\/#breadcrumb","itemListElement":[{"@type":"ListItem","position":1,"name":"Strona g\u0142\u00f3wna","item":"https:\/\/kancelaria-bb.pl\/en\/"},{"@type":"ListItem","position":2,"name":"Mediation Centre","item":"http:\/\/kancelaria-bb.pl\/en\/mediation-centre\/"},{"@type":"ListItem","position":3,"name":"O mediacji"}]},{"@type":"WebSite","@id":"https:\/\/kancelaria-bb.pl\/en\/#website","url":"https:\/\/kancelaria-bb.pl\/en\/","name":"Kancelaria Prawna - Bartoszewska &amp; Binkowski","description":"","potentialAction":[{"@type":"SearchAction","target":{"@type":"EntryPoint","urlTemplate":"https:\/\/kancelaria-bb.pl\/en\/?s={search_term_string}"},"query-input":{"@type":"PropertyValueSpecification","valueRequired":true,"valueName":"search_term_string"}}],"inLanguage":"en-US"}]}},"_links":{"self":[{"href":"http:\/\/kancelaria-bb.pl\/en\/wp-json\/wp\/v2\/pages\/797","targetHints":{"allow":["GET"]}}],"collection":[{"href":"http:\/\/kancelaria-bb.pl\/en\/wp-json\/wp\/v2\/pages"}],"about":[{"href":"http:\/\/kancelaria-bb.pl\/en\/wp-json\/wp\/v2\/types\/page"}],"author":[{"embeddable":true,"href":"http:\/\/kancelaria-bb.pl\/en\/wp-json\/wp\/v2\/users\/1"}],"replies":[{"embeddable":true,"href":"http:\/\/kancelaria-bb.pl\/en\/wp-json\/wp\/v2\/comments?post=797"}],"version-history":[{"count":0,"href":"http:\/\/kancelaria-bb.pl\/en\/wp-json\/wp\/v2\/pages\/797\/revisions"}],"up":[{"embeddable":true,"href":"http:\/\/kancelaria-bb.pl\/en\/wp-json\/wp\/v2\/pages\/798"}],"wp:attachment":[{"href":"http:\/\/kancelaria-bb.pl\/en\/wp-json\/wp\/v2\/media?parent=797"}],"curies":[{"name":"wp","href":"https:\/\/api.w.org\/{rel}","templated":true}]}}