{"id":796,"date":"2018-08-14T14:41:55","date_gmt":"2018-08-14T12:41:55","guid":{"rendered":"http:\/\/kancelaria-bb.pl\/nasi-mediatorzy\/"},"modified":"2018-08-14T14:41:55","modified_gmt":"2018-08-14T12:41:55","slug":"nasi-mediatorzy","status":"publish","type":"page","link":"http:\/\/kancelaria-bb.pl\/en\/mediation-centre\/nasi-mediatorzy\/","title":{"rendered":"Nasi mediatorzy"},"content":{"rendered":"<p>[vc_row][vc_column][vc_column_text]Krystyna Bartoszewska i Leszek Binkowski s\u0105 mediatorami wpisanymi na list\u0119 sta\u0142ych mediator\u00f3w przy S\u0105dzie Okr\u0119gowym w Poznaniu.[\/vc_column_text][\/vc_column][\/vc_row]<\/p>\n","protected":false},"excerpt":{"rendered":"<p>[vc_row][vc_column][vc_column_text]Krystyna Bartoszewska i Leszek Binkowski s\u0105 mediatorami wpisanymi na list\u0119 sta\u0142ych mediator\u00f3w przy S\u0105dzie Okr\u0119gowym w Poznaniu.[\/vc_column_text][\/vc_column][\/vc_row]<\/p>\n","protected":false},"author":1,"featured_media":0,"parent":798,"menu_order":0,"comment_status":"closed","ping_status":"closed","template":"page-templates\/child-page.php","meta":{"inline_featured_image":false,"footnotes":""},"class_list":["post-796","page","type-page","status-publish","hentry"],"yoast_head":"<!-- This site is optimized with the Yoast SEO plugin v27.5 - https:\/\/yoast.com\/product\/yoast-seo-wordpress\/ -->\n<title>Nasi mediatorzy - Kancelaria Prawna - Bartoszewska &amp; Binkowski<\/title>\n<meta name=\"robots\" content=\"index, follow, max-snippet:-1, max-image-preview:large, max-video-preview:-1\" \/>\n<link rel=\"canonical\" href=\"http:\/\/kancelaria-bb.pl\/en\/mediation-centre\/nasi-mediatorzy\/\" \/>\n<meta property=\"og:locale\" content=\"en_US\" \/>\n<meta property=\"og:type\" content=\"article\" \/>\n<meta property=\"og:title\" content=\"Nasi mediatorzy - Kancelaria Prawna - Bartoszewska &amp; Binkowski\" \/>\n<meta property=\"og:description\" content=\"[vc_row][vc_column][vc_column_text]Krystyna Bartoszewska i Leszek Binkowski s\u0105 mediatorami wpisanymi na list\u0119 sta\u0142ych mediator\u00f3w przy S\u0105dzie Okr\u0119gowym w Poznaniu.[\/vc_column_text][\/vc_column][\/vc_row]\" \/>\n<meta property=\"og:url\" content=\"http:\/\/kancelaria-bb.pl\/en\/mediation-centre\/nasi-mediatorzy\/\" \/>\n<meta property=\"og:site_name\" content=\"Kancelaria Prawna - Bartoszewska &amp; Binkowski\" \/>\n<meta name=\"twitter:card\" content=\"summary_large_image\" \/>\n<script type=\"application\/ld+json\" class=\"yoast-schema-graph\">{\"@context\":\"https:\\\/\\\/schema.org\",\"@graph\":[{\"@type\":\"WebPage\",\"@id\":\"http:\\\/\\\/kancelaria-bb.pl\\\/en\\\/mediation-centre\\\/nasi-mediatorzy\\\/\",\"url\":\"http:\\\/\\\/kancelaria-bb.pl\\\/en\\\/mediation-centre\\\/nasi-mediatorzy\\\/\",\"name\":\"Nasi mediatorzy - Kancelaria Prawna - Bartoszewska &amp; Binkowski\",\"isPartOf\":{\"@id\":\"https:\\\/\\\/kancelaria-bb.pl\\\/en\\\/#website\"},\"datePublished\":\"2018-08-14T12:41:55+00:00\",\"breadcrumb\":{\"@id\":\"http:\\\/\\\/kancelaria-bb.pl\\\/en\\\/mediation-centre\\\/nasi-mediatorzy\\\/#breadcrumb\"},\"inLanguage\":\"en-US\",\"potentialAction\":[{\"@type\":\"ReadAction\",\"target\":[\"http:\\\/\\\/kancelaria-bb.pl\\\/en\\\/mediation-centre\\\/nasi-mediatorzy\\\/\"]}]},{\"@type\":\"BreadcrumbList\",\"@id\":\"http:\\\/\\\/kancelaria-bb.pl\\\/en\\\/mediation-centre\\\/nasi-mediatorzy\\\/#breadcrumb\",\"itemListElement\":[{\"@type\":\"ListItem\",\"position\":1,\"name\":\"Strona g\u0142\u00f3wna\",\"item\":\"https:\\\/\\\/kancelaria-bb.pl\\\/en\\\/\"},{\"@type\":\"ListItem\",\"position\":2,\"name\":\"Mediation Centre\",\"item\":\"http:\\\/\\\/kancelaria-bb.pl\\\/en\\\/mediation-centre\\\/\"},{\"@type\":\"ListItem\",\"position\":3,\"name\":\"Nasi mediatorzy\"}]},{\"@type\":\"WebSite\",\"@id\":\"https:\\\/\\\/kancelaria-bb.pl\\\/en\\\/#website\",\"url\":\"https:\\\/\\\/kancelaria-bb.pl\\\/en\\\/\",\"name\":\"Kancelaria Prawna - Bartoszewska &amp; Binkowski\",\"description\":\"\",\"potentialAction\":[{\"@type\":\"SearchAction\",\"target\":{\"@type\":\"EntryPoint\",\"urlTemplate\":\"https:\\\/\\\/kancelaria-bb.pl\\\/en\\\/?s={search_term_string}\"},\"query-input\":{\"@type\":\"PropertyValueSpecification\",\"valueRequired\":true,\"valueName\":\"search_term_string\"}}],\"inLanguage\":\"en-US\"}]}<\/script>\n<!-- \/ Yoast SEO plugin. -->","yoast_head_json":{"title":"Nasi mediatorzy - Kancelaria Prawna - Bartoszewska &amp; Binkowski","robots":{"index":"index","follow":"follow","max-snippet":"max-snippet:-1","max-image-preview":"max-image-preview:large","max-video-preview":"max-video-preview:-1"},"canonical":"http:\/\/kancelaria-bb.pl\/en\/mediation-centre\/nasi-mediatorzy\/","og_locale":"en_US","og_type":"article","og_title":"Nasi mediatorzy - Kancelaria Prawna - Bartoszewska &amp; Binkowski","og_description":"[vc_row][vc_column][vc_column_text]Krystyna Bartoszewska i Leszek Binkowski s\u0105 mediatorami wpisanymi na list\u0119 sta\u0142ych mediator\u00f3w przy S\u0105dzie Okr\u0119gowym w Poznaniu.[\/vc_column_text][\/vc_column][\/vc_row]","og_url":"http:\/\/kancelaria-bb.pl\/en\/mediation-centre\/nasi-mediatorzy\/","og_site_name":"Kancelaria Prawna - Bartoszewska &amp; Binkowski","twitter_card":"summary_large_image","schema":{"@context":"https:\/\/schema.org","@graph":[{"@type":"WebPage","@id":"http:\/\/kancelaria-bb.pl\/en\/mediation-centre\/nasi-mediatorzy\/","url":"http:\/\/kancelaria-bb.pl\/en\/mediation-centre\/nasi-mediatorzy\/","name":"Nasi mediatorzy - Kancelaria Prawna - Bartoszewska &amp; Binkowski","isPartOf":{"@id":"https:\/\/kancelaria-bb.pl\/en\/#website"},"datePublished":"2018-08-14T12:41:55+00:00","breadcrumb":{"@id":"http:\/\/kancelaria-bb.pl\/en\/mediation-centre\/nasi-mediatorzy\/#breadcrumb"},"inLanguage":"en-US","potentialAction":[{"@type":"ReadAction","target":["http:\/\/kancelaria-bb.pl\/en\/mediation-centre\/nasi-mediatorzy\/"]}]},{"@type":"BreadcrumbList","@id":"http:\/\/kancelaria-bb.pl\/en\/mediation-centre\/nasi-mediatorzy\/#breadcrumb","itemListElement":[{"@type":"ListItem","position":1,"name":"Strona g\u0142\u00f3wna","item":"https:\/\/kancelaria-bb.pl\/en\/"},{"@type":"ListItem","position":2,"name":"Mediation Centre","item":"http:\/\/kancelaria-bb.pl\/en\/mediation-centre\/"},{"@type":"ListItem","position":3,"name":"Nasi mediatorzy"}]},{"@type":"WebSite","@id":"https:\/\/kancelaria-bb.pl\/en\/#website","url":"https:\/\/kancelaria-bb.pl\/en\/","name":"Kancelaria Prawna - Bartoszewska &amp; Binkowski","description":"","potentialAction":[{"@type":"SearchAction","target":{"@type":"EntryPoint","urlTemplate":"https:\/\/kancelaria-bb.pl\/en\/?s={search_term_string}"},"query-input":{"@type":"PropertyValueSpecification","valueRequired":true,"valueName":"search_term_string"}}],"inLanguage":"en-US"}]}},"_links":{"self":[{"href":"http:\/\/kancelaria-bb.pl\/en\/wp-json\/wp\/v2\/pages\/796","targetHints":{"allow":["GET"]}}],"collection":[{"href":"http:\/\/kancelaria-bb.pl\/en\/wp-json\/wp\/v2\/pages"}],"about":[{"href":"http:\/\/kancelaria-bb.pl\/en\/wp-json\/wp\/v2\/types\/page"}],"author":[{"embeddable":true,"href":"http:\/\/kancelaria-bb.pl\/en\/wp-json\/wp\/v2\/users\/1"}],"replies":[{"embeddable":true,"href":"http:\/\/kancelaria-bb.pl\/en\/wp-json\/wp\/v2\/comments?post=796"}],"version-history":[{"count":0,"href":"http:\/\/kancelaria-bb.pl\/en\/wp-json\/wp\/v2\/pages\/796\/revisions"}],"up":[{"embeddable":true,"href":"http:\/\/kancelaria-bb.pl\/en\/wp-json\/wp\/v2\/pages\/798"}],"wp:attachment":[{"href":"http:\/\/kancelaria-bb.pl\/en\/wp-json\/wp\/v2\/media?parent=796"}],"curies":[{"name":"wp","href":"https:\/\/api.w.org\/{rel}","templated":true}]}}