{"id":795,"date":"2018-08-14T14:42:20","date_gmt":"2018-08-14T12:42:20","guid":{"rendered":"http:\/\/kancelaria-bb.pl\/wielkopolskie-centrum-mediacji\/"},"modified":"2018-08-14T14:42:20","modified_gmt":"2018-08-14T12:42:20","slug":"wielkopolskie-centrum-mediacji","status":"publish","type":"page","link":"http:\/\/kancelaria-bb.pl\/en\/mediation-centre\/wielkopolskie-centrum-mediacji\/","title":{"rendered":"Wielkopolskie Centrum Mediacji"},"content":{"rendered":"<p>[vc_row][vc_column][vc_column_text]Wielkopolskie Centrum Mediacji powsta\u0142o w 2012 roku i od tego czasu zrzeszeni w nim mediatorzy przeprowadzili setki mediacji propaguj\u0105c ide\u0119 polubownego zako\u0144czenia spor\u00f3w gospodarczych i\u00a0konflikt\u00f3w mi\u0119dzyludzkich.<\/p>\n<p>W dobrej atmosferze, z pasj\u0105, empati\u0105 i zaanga\u017cowaniem pomagamy rozwi\u0105zywa\u0107 problemy \u00a0i\u00a0za\u017cegnywa\u0107 konflikty.<\/p>\n<p>Gwarantujemy pe\u0142en profesjonalizm, poszanowanie dobrowolno\u015bci\u00a0 i ca\u0142kowit\u0105 poufno\u015b\u0107 rozm\u00f3w, a\u00a0tak\u017ce zapewniamy wsparcie prawnicze.<\/p>\n<p>Prowadzimy mediacje na zlecenie s\u0105d\u00f3w powszechnych, a tak\u017ce mediacje pozas\u0105dowe na indywidualne zlecenia stron.<\/p>\n<p>Nasi mediatorzy \u2013 dzi\u0119ki posiadanej wiedzy i do\u015bwiadczeniu \u2013 pomy\u015blnie przeprowadz\u0105 Pa\u0144stwa przez ca\u0142y proces mediacji i pomog\u0105 znale\u017a\u0107 satysfakcjonuj\u0105ce obie strony rozwi\u0105zanie konfliktu.<\/p>\n<p>Zapraszamy do kontaktu.[\/vc_column_text][\/vc_column][\/vc_row]<\/p>\n","protected":false},"excerpt":{"rendered":"<p>[vc_row][vc_column][vc_column_text]Wielkopolskie Centrum Mediacji powsta\u0142o w 2012 roku i od tego czasu zrzeszeni w nim mediatorzy przeprowadzili setki mediacji propaguj\u0105c ide\u0119 polubownego zako\u0144czenia spor\u00f3w gospodarczych i\u00a0konflikt\u00f3w mi\u0119dzyludzkich. W dobrej atmosferze, z pasj\u0105, empati\u0105 i zaanga\u017cowaniem pomagamy rozwi\u0105zywa\u0107 problemy \u00a0i\u00a0za\u017cegnywa\u0107 konflikty. Gwarantujemy pe\u0142en profesjonalizm, poszanowanie dobrowolno\u015bci\u00a0 i ca\u0142kowit\u0105 poufno\u015b\u0107 rozm\u00f3w, a\u00a0tak\u017ce zapewniamy wsparcie prawnicze. Prowadzimy mediacje na [&hellip;]<\/p>\n","protected":false},"author":1,"featured_media":0,"parent":798,"menu_order":0,"comment_status":"closed","ping_status":"closed","template":"","meta":{"inline_featured_image":false,"footnotes":""},"class_list":["post-795","page","type-page","status-publish","hentry"],"yoast_head":"<!-- This site is optimized with the Yoast SEO plugin v27.5 - https:\/\/yoast.com\/product\/yoast-seo-wordpress\/ -->\n<title>Wielkopolskie Centrum Mediacji - Kancelaria Prawna - Bartoszewska &amp; Binkowski<\/title>\n<meta name=\"robots\" content=\"index, follow, max-snippet:-1, max-image-preview:large, max-video-preview:-1\" \/>\n<link rel=\"canonical\" href=\"http:\/\/kancelaria-bb.pl\/en\/mediation-centre\/wielkopolskie-centrum-mediacji\/\" \/>\n<meta property=\"og:locale\" content=\"en_US\" \/>\n<meta property=\"og:type\" content=\"article\" \/>\n<meta property=\"og:title\" content=\"Wielkopolskie Centrum Mediacji - Kancelaria Prawna - Bartoszewska &amp; Binkowski\" \/>\n<meta property=\"og:description\" content=\"[vc_row][vc_column][vc_column_text]Wielkopolskie Centrum Mediacji powsta\u0142o w 2012 roku i od tego czasu zrzeszeni w nim mediatorzy przeprowadzili setki mediacji propaguj\u0105c ide\u0119 polubownego zako\u0144czenia spor\u00f3w gospodarczych i\u00a0konflikt\u00f3w mi\u0119dzyludzkich. W dobrej atmosferze, z pasj\u0105, empati\u0105 i zaanga\u017cowaniem pomagamy rozwi\u0105zywa\u0107 problemy \u00a0i\u00a0za\u017cegnywa\u0107 konflikty. Gwarantujemy pe\u0142en profesjonalizm, poszanowanie dobrowolno\u015bci\u00a0 i ca\u0142kowit\u0105 poufno\u015b\u0107 rozm\u00f3w, a\u00a0tak\u017ce zapewniamy wsparcie prawnicze. Prowadzimy mediacje na [&hellip;]\" \/>\n<meta property=\"og:url\" content=\"http:\/\/kancelaria-bb.pl\/en\/mediation-centre\/wielkopolskie-centrum-mediacji\/\" \/>\n<meta property=\"og:site_name\" content=\"Kancelaria Prawna - Bartoszewska &amp; Binkowski\" \/>\n<meta name=\"twitter:card\" content=\"summary_large_image\" \/>\n<meta name=\"twitter:label1\" content=\"Est. reading time\" \/>\n\t<meta name=\"twitter:data1\" content=\"1 minute\" \/>\n<script type=\"application\/ld+json\" class=\"yoast-schema-graph\">{\"@context\":\"https:\\\/\\\/schema.org\",\"@graph\":[{\"@type\":\"WebPage\",\"@id\":\"http:\\\/\\\/kancelaria-bb.pl\\\/en\\\/mediation-centre\\\/wielkopolskie-centrum-mediacji\\\/\",\"url\":\"http:\\\/\\\/kancelaria-bb.pl\\\/en\\\/mediation-centre\\\/wielkopolskie-centrum-mediacji\\\/\",\"name\":\"Wielkopolskie Centrum Mediacji - Kancelaria Prawna - Bartoszewska &amp; Binkowski\",\"isPartOf\":{\"@id\":\"https:\\\/\\\/kancelaria-bb.pl\\\/en\\\/#website\"},\"datePublished\":\"2018-08-14T12:42:20+00:00\",\"breadcrumb\":{\"@id\":\"http:\\\/\\\/kancelaria-bb.pl\\\/en\\\/mediation-centre\\\/wielkopolskie-centrum-mediacji\\\/#breadcrumb\"},\"inLanguage\":\"en-US\",\"potentialAction\":[{\"@type\":\"ReadAction\",\"target\":[\"http:\\\/\\\/kancelaria-bb.pl\\\/en\\\/mediation-centre\\\/wielkopolskie-centrum-mediacji\\\/\"]}]},{\"@type\":\"BreadcrumbList\",\"@id\":\"http:\\\/\\\/kancelaria-bb.pl\\\/en\\\/mediation-centre\\\/wielkopolskie-centrum-mediacji\\\/#breadcrumb\",\"itemListElement\":[{\"@type\":\"ListItem\",\"position\":1,\"name\":\"Strona g\u0142\u00f3wna\",\"item\":\"https:\\\/\\\/kancelaria-bb.pl\\\/en\\\/\"},{\"@type\":\"ListItem\",\"position\":2,\"name\":\"Mediation Centre\",\"item\":\"http:\\\/\\\/kancelaria-bb.pl\\\/en\\\/mediation-centre\\\/\"},{\"@type\":\"ListItem\",\"position\":3,\"name\":\"Wielkopolskie Centrum Mediacji\"}]},{\"@type\":\"WebSite\",\"@id\":\"https:\\\/\\\/kancelaria-bb.pl\\\/en\\\/#website\",\"url\":\"https:\\\/\\\/kancelaria-bb.pl\\\/en\\\/\",\"name\":\"Kancelaria Prawna - Bartoszewska &amp; Binkowski\",\"description\":\"\",\"potentialAction\":[{\"@type\":\"SearchAction\",\"target\":{\"@type\":\"EntryPoint\",\"urlTemplate\":\"https:\\\/\\\/kancelaria-bb.pl\\\/en\\\/?s={search_term_string}\"},\"query-input\":{\"@type\":\"PropertyValueSpecification\",\"valueRequired\":true,\"valueName\":\"search_term_string\"}}],\"inLanguage\":\"en-US\"}]}<\/script>\n<!-- \/ Yoast SEO plugin. -->","yoast_head_json":{"title":"Wielkopolskie Centrum Mediacji - Kancelaria Prawna - Bartoszewska &amp; Binkowski","robots":{"index":"index","follow":"follow","max-snippet":"max-snippet:-1","max-image-preview":"max-image-preview:large","max-video-preview":"max-video-preview:-1"},"canonical":"http:\/\/kancelaria-bb.pl\/en\/mediation-centre\/wielkopolskie-centrum-mediacji\/","og_locale":"en_US","og_type":"article","og_title":"Wielkopolskie Centrum Mediacji - Kancelaria Prawna - Bartoszewska &amp; Binkowski","og_description":"[vc_row][vc_column][vc_column_text]Wielkopolskie Centrum Mediacji powsta\u0142o w 2012 roku i od tego czasu zrzeszeni w nim mediatorzy przeprowadzili setki mediacji propaguj\u0105c ide\u0119 polubownego zako\u0144czenia spor\u00f3w gospodarczych i\u00a0konflikt\u00f3w mi\u0119dzyludzkich. W dobrej atmosferze, z pasj\u0105, empati\u0105 i zaanga\u017cowaniem pomagamy rozwi\u0105zywa\u0107 problemy \u00a0i\u00a0za\u017cegnywa\u0107 konflikty. Gwarantujemy pe\u0142en profesjonalizm, poszanowanie dobrowolno\u015bci\u00a0 i ca\u0142kowit\u0105 poufno\u015b\u0107 rozm\u00f3w, a\u00a0tak\u017ce zapewniamy wsparcie prawnicze. Prowadzimy mediacje na [&hellip;]","og_url":"http:\/\/kancelaria-bb.pl\/en\/mediation-centre\/wielkopolskie-centrum-mediacji\/","og_site_name":"Kancelaria Prawna - Bartoszewska &amp; Binkowski","twitter_card":"summary_large_image","twitter_misc":{"Est. reading time":"1 minute"},"schema":{"@context":"https:\/\/schema.org","@graph":[{"@type":"WebPage","@id":"http:\/\/kancelaria-bb.pl\/en\/mediation-centre\/wielkopolskie-centrum-mediacji\/","url":"http:\/\/kancelaria-bb.pl\/en\/mediation-centre\/wielkopolskie-centrum-mediacji\/","name":"Wielkopolskie Centrum Mediacji - Kancelaria Prawna - Bartoszewska &amp; Binkowski","isPartOf":{"@id":"https:\/\/kancelaria-bb.pl\/en\/#website"},"datePublished":"2018-08-14T12:42:20+00:00","breadcrumb":{"@id":"http:\/\/kancelaria-bb.pl\/en\/mediation-centre\/wielkopolskie-centrum-mediacji\/#breadcrumb"},"inLanguage":"en-US","potentialAction":[{"@type":"ReadAction","target":["http:\/\/kancelaria-bb.pl\/en\/mediation-centre\/wielkopolskie-centrum-mediacji\/"]}]},{"@type":"BreadcrumbList","@id":"http:\/\/kancelaria-bb.pl\/en\/mediation-centre\/wielkopolskie-centrum-mediacji\/#breadcrumb","itemListElement":[{"@type":"ListItem","position":1,"name":"Strona g\u0142\u00f3wna","item":"https:\/\/kancelaria-bb.pl\/en\/"},{"@type":"ListItem","position":2,"name":"Mediation Centre","item":"http:\/\/kancelaria-bb.pl\/en\/mediation-centre\/"},{"@type":"ListItem","position":3,"name":"Wielkopolskie Centrum Mediacji"}]},{"@type":"WebSite","@id":"https:\/\/kancelaria-bb.pl\/en\/#website","url":"https:\/\/kancelaria-bb.pl\/en\/","name":"Kancelaria Prawna - Bartoszewska &amp; Binkowski","description":"","potentialAction":[{"@type":"SearchAction","target":{"@type":"EntryPoint","urlTemplate":"https:\/\/kancelaria-bb.pl\/en\/?s={search_term_string}"},"query-input":{"@type":"PropertyValueSpecification","valueRequired":true,"valueName":"search_term_string"}}],"inLanguage":"en-US"}]}},"_links":{"self":[{"href":"http:\/\/kancelaria-bb.pl\/en\/wp-json\/wp\/v2\/pages\/795","targetHints":{"allow":["GET"]}}],"collection":[{"href":"http:\/\/kancelaria-bb.pl\/en\/wp-json\/wp\/v2\/pages"}],"about":[{"href":"http:\/\/kancelaria-bb.pl\/en\/wp-json\/wp\/v2\/types\/page"}],"author":[{"embeddable":true,"href":"http:\/\/kancelaria-bb.pl\/en\/wp-json\/wp\/v2\/users\/1"}],"replies":[{"embeddable":true,"href":"http:\/\/kancelaria-bb.pl\/en\/wp-json\/wp\/v2\/comments?post=795"}],"version-history":[{"count":0,"href":"http:\/\/kancelaria-bb.pl\/en\/wp-json\/wp\/v2\/pages\/795\/revisions"}],"up":[{"embeddable":true,"href":"http:\/\/kancelaria-bb.pl\/en\/wp-json\/wp\/v2\/pages\/798"}],"wp:attachment":[{"href":"http:\/\/kancelaria-bb.pl\/en\/wp-json\/wp\/v2\/media?parent=795"}],"curies":[{"name":"wp","href":"https:\/\/api.w.org\/{rel}","templated":true}]}}